{"id":19,"date":"2023-12-07T16:32:33","date_gmt":"2023-12-07T16:32:33","guid":{"rendered":"http:\/\/www.evatransextract.ro\/?page_id=19"},"modified":"2023-12-07T18:15:04","modified_gmt":"2023-12-07T18:15:04","slug":"home","status":"publish","type":"page","link":"https:\/\/www.evatransextract.ro\/","title":{"rendered":"Despre noi"},"content":{"rendered":"\n<p>Viziunea firmei este gestionarea eficient\u0103 \u015fi utilizarea durabil\u0103 a resurselor pentru a asigura dezvoltarea afacerii prin aprovizionarea clientilor cu materii prime la nivel na\u0163ional, cre\u00e2nd \u00een acela\u015fi timp condi\u0163iile prealabile pentru dezvoltarea afacerii \u00eentr-un mediu global cu oportunit\u0103\u0163i pentru activit\u0103\u0163i generatoare de profit.<\/p>\n\n\n\n<p>Misiunea noastra este sa ne facem un nume pe piata de profil, sa deservim clientii intr-un fel corect si calitativ si sa ne imbunatatim in permanenta activitatea.<\/p>\n","protected":false},"excerpt":{"rendered":"<p>Viziunea firmei este gestionarea eficient\u0103 \u015fi utilizarea durabil\u0103 a resurselor pentru a asigura dezvoltarea afacerii prin aprovizionarea clientilor cu materii prime la nivel na\u0163ional, cre\u00e2nd \u00een acela\u015fi timp condi\u0163iile prealabile pentru dezvoltarea afacerii \u00eentr-un mediu global cu oportunit\u0103\u0163i pentru activit\u0103\u0163i generatoare de profit. Misiunea noastra este sa ne facem un nume pe piata de profil, &hellip; <\/p>\n<p class=\"link-more\"><a href=\"https:\/\/www.evatransextract.ro\/\" class=\"more-link\">Continue reading<span class=\"screen-reader-text\"> &#8220;Despre noi&#8221;<\/span><\/a><\/p>\n","protected":false},"author":1,"featured_media":0,"parent":0,"menu_order":0,"comment_status":"closed","ping_status":"closed","template":"","meta":{"footnotes":""},"class_list":["post-19","page","type-page","status-publish","hentry"],"_links":{"self":[{"href":"https:\/\/www.evatransextract.ro\/index.php\/wp-json\/wp\/v2\/pages\/19","targetHints":{"allow":["GET"]}}],"collection":[{"href":"https:\/\/www.evatransextract.ro\/index.php\/wp-json\/wp\/v2\/pages"}],"about":[{"href":"https:\/\/www.evatransextract.ro\/index.php\/wp-json\/wp\/v2\/types\/page"}],"author":[{"embeddable":true,"href":"https:\/\/www.evatransextract.ro\/index.php\/wp-json\/wp\/v2\/users\/1"}],"replies":[{"embeddable":true,"href":"https:\/\/www.evatransextract.ro\/index.php\/wp-json\/wp\/v2\/comments?post=19"}],"version-history":[{"count":3,"href":"https:\/\/www.evatransextract.ro\/index.php\/wp-json\/wp\/v2\/pages\/19\/revisions"}],"predecessor-version":[{"id":74,"href":"https:\/\/www.evatransextract.ro\/index.php\/wp-json\/wp\/v2\/pages\/19\/revisions\/74"}],"wp:attachment":[{"href":"https:\/\/www.evatransextract.ro\/index.php\/wp-json\/wp\/v2\/media?parent=19"}],"curies":[{"name":"wp","href":"https:\/\/api.w.org\/{rel}","templated":true}]}}