{"id":20,"date":"2023-12-07T16:32:33","date_gmt":"2023-12-07T16:32:33","guid":{"rendered":"http:\/\/www.evatransextract.ro\/?page_id=20"},"modified":"2023-12-07T18:04:05","modified_gmt":"2023-12-07T18:04:05","slug":"about","status":"publish","type":"page","link":"https:\/\/www.evatransextract.ro\/index.php\/about\/","title":{"rendered":"Produse"},"content":{"rendered":"\n<p>Metoda cadru de exploatare const\u0103 \u00een extrac\u0163ia nisipului \u0219i pietri\u015fului \u00eentr-o singur\u0103 trept\u0103 cu grosimea medie de 2,5 m, \u00eencadrat\u0103 \u00een normele de protec\u0163ia muncii \u00een exploat\u0103ri miniere de suprafa\u021b\u0103. Exploatarea se face deasupra nivelului hidrostatic, nepunandu-se problema asecarii sau evacu\u0103rii apelor din perimetru.\u00a0<\/p>\n\n\n\n<h3 class=\"wp-block-heading\">Balast<\/h3>\n\n\n\n<p>Granulatie &lt;br\/&gt; 0-31+ mm<\/p>\n\n\n\n<p>Acest sort reprezinta agregatul brut extras din zacamantul de natura sedimentara. Acest tip de sort se preteaza pentru terasamente.<\/p>\n\n\n\n<h3 class=\"wp-block-heading\">Nisip<\/h3>\n\n\n\n<p>Granulatie &lt;br\/&gt; 0-4 mm<\/p>\n\n\n\n<p>Sort de granulatie minima. Acesta este folosit in compozitia betoanelor, la aplicarea pavajelor sau la proceduri\/operatiuni de tencuire.<\/p>\n\n\n\n<h3 class=\"wp-block-heading\">Pietri\u0219<\/h3>\n\n\n\n<p>Granulatie&lt;br\/&gt; 8-16 mm<\/p>\n\n\n\n<p>Pietris de granulatie medie. Acesta este folosit in compozitia betoanelor si la alte lucrari de constructii.<\/p>\n\n\n\n<h3 class=\"wp-block-heading\">Pietri\u0219<\/h3>\n\n\n\n<p>Granulatie &lt;br\/>16-32 mm<\/p>\n\n\n\n<p>Pietris de granulatie mare. Acesta este folosit in compozitia betoanelor de inalta clasa, constructia drumurilor si alte lucrari de constructii.<\/p>\n\n\n\n<h3 class=\"wp-block-heading\">M\u0103rg\u0103ritar <\/h3>\n\n\n\n<p>Granulatie &lt;br\/>4-8 mm<\/p>\n\n\n\n<p>Este un agregat de balastier\u0103 rezultat din sortarea \u0219i sp\u0103larea pietri\u0219ului provenit \u00een special din albiile r\u00e2urilor .Poate fi \u00eentrebuin\u021bat cu succes la startul pentru pavele sau pentru filtrele puturilor.<\/p>\n\n\n\n<p><\/p>\n\n\n\n<h3 class=\"wp-block-heading\"><\/h3>\n\n\n\n<p><\/p>\n","protected":false},"excerpt":{"rendered":"<p>Metoda cadru de exploatare const\u0103 \u00een extrac\u0163ia nisipului \u0219i pietri\u015fului \u00eentr-o singur\u0103 trept\u0103 cu grosimea medie de 2,5 m, \u00eencadrat\u0103 \u00een normele de protec\u0163ia muncii \u00een exploat\u0103ri miniere de suprafa\u021b\u0103. Exploatarea se face deasupra nivelului hidrostatic, nepunandu-se problema asecarii sau evacu\u0103rii apelor din perimetru.\u00a0 Balast Granulatie &lt;br\/&gt; 0-31+ mm Acest sort reprezinta agregatul brut extras &hellip; <\/p>\n<p class=\"link-more\"><a href=\"https:\/\/www.evatransextract.ro\/index.php\/about\/\" class=\"more-link\">Continue reading<span class=\"screen-reader-text\"> &#8220;Produse&#8221;<\/span><\/a><\/p>\n","protected":false},"author":1,"featured_media":49,"parent":0,"menu_order":0,"comment_status":"closed","ping_status":"closed","template":"","meta":{"footnotes":""},"class_list":["post-20","page","type-page","status-publish","has-post-thumbnail","hentry"],"_links":{"self":[{"href":"https:\/\/www.evatransextract.ro\/index.php\/wp-json\/wp\/v2\/pages\/20","targetHints":{"allow":["GET"]}}],"collection":[{"href":"https:\/\/www.evatransextract.ro\/index.php\/wp-json\/wp\/v2\/pages"}],"about":[{"href":"https:\/\/www.evatransextract.ro\/index.php\/wp-json\/wp\/v2\/types\/page"}],"author":[{"embeddable":true,"href":"https:\/\/www.evatransextract.ro\/index.php\/wp-json\/wp\/v2\/users\/1"}],"replies":[{"embeddable":true,"href":"https:\/\/www.evatransextract.ro\/index.php\/wp-json\/wp\/v2\/comments?post=20"}],"version-history":[{"count":3,"href":"https:\/\/www.evatransextract.ro\/index.php\/wp-json\/wp\/v2\/pages\/20\/revisions"}],"predecessor-version":[{"id":69,"href":"https:\/\/www.evatransextract.ro\/index.php\/wp-json\/wp\/v2\/pages\/20\/revisions\/69"}],"wp:featuredmedia":[{"embeddable":true,"href":"https:\/\/www.evatransextract.ro\/index.php\/wp-json\/wp\/v2\/media\/49"}],"wp:attachment":[{"href":"https:\/\/www.evatransextract.ro\/index.php\/wp-json\/wp\/v2\/media?parent=20"}],"curies":[{"name":"wp","href":"https:\/\/api.w.org\/{rel}","templated":true}]}}